{"id":28,"date":"2016-11-11T17:33:54","date_gmt":"2016-11-11T17:33:54","guid":{"rendered":"http:\/\/pruebas.belaixe.com\/?page_id=28"},"modified":"2026-04-01T12:15:23","modified_gmt":"2026-04-01T10:15:23","slug":"ekipamendua","status":"publish","type":"page","link":"http:\/\/bermeokokafeantzokia.com\/es\/ekipamendua\/","title":{"rendered":"EQUIPAMIENTO"},"content":{"rendered":"<p>[vc_row][vc_column width=\u00bb1\/3&#8243;][vc_column_text]<strong>SISTEMA DE SONIDO<\/strong><\/p>\n<p>EXTERIORES (P:A.)<\/p>\n<p><strong>PANTALLAS (P.A.)<\/strong><\/p>\n<p>4 Sistema ASS Reflecta. Mod. MX900.<\/p>\n<p>4 Sistema ASD , Mod.SB18 de subgraves.<\/p>\n<p><strong>ALIMENTACION<\/strong><\/p>\n<p>1 Procesador DBX, Mod. 260.<\/p>\n<p>1 Etapa potencia ALTAIR, serie MF1600.<\/p>\n<p>1 Etapa potencia ALTAIR, serie MF1600.<\/p>\n<p>1 Etapa potencia ALTAIR, serie MF24.<\/p>\n<p>1 Procesador Reflecta, MXseries.<\/p>\n<p>1 Etapa potencia ALTAIR, serie MF24 .<\/p>\n<p><strong>CONTROL<\/strong><\/p>\n<p>Mesa de sonido digital<\/p>\n<p>MIDAS M 32.<\/p>\n<p>MONITORES<\/p>\n<p><strong>PANTALLAS<\/strong><\/p>\n<p>8 Monitor escenario ASD, Mod. SM15\u201d+2\u201d<\/p>\n<p><strong>ALIMENTACION<\/strong><\/p>\n<p>3 Etapa potencia HARRISON. Mod. Xi1000.<\/p>\n<p><strong>CONTROL<\/strong><\/p>\n<p>3 Ecualizador HARRISON, Mod. GQ230.<\/p>\n<p><strong>PIE DE MICRO<\/strong><\/p>\n<p>10 Pie de micro BEYER.\u00a0Mod. GST500 grand.<\/p>\n<p>6 Pie de micro BEYER. Mod. GST590 pequ<strong>.<\/strong><\/p>\n<p><strong>MICROFONIA<\/strong><\/p>\n<p>1 Tom. Kit de SHURE, Mod. PG56<\/p>\n<p>(3 micros)<\/p>\n<p>1\u00a0 Shure\u00a0 PG52<\/p>\n<p>1 Inalambrico SHURE, Mod. SLX2458.<\/p>\n<p>1\u00a0 SHURE, BETA. 52.<\/p>\n<p>4 SHURE, Mod.SM58<\/p>\n<p>2 SHURE Mod SM 57<\/p>\n<p>3 Vocal\/Instr. SHURE, Mod. BETA57<\/p>\n<p>1 Condensador SHURE, Mod. BETA87<\/p>\n<p>1 Condensador AKG C1000<\/p>\n<p>2 Condensadores AT2020<\/p>\n<p>1 Condensador PG81<\/p>\n<p>4 Caja inyeccion BSS, DIBOX Mod. AR133.[\/vc_column_text][\/vc_column][vc_column width=\u00bb1\/3&#8243;][\/vc_column][vc_column width=\u00bb1\/3&#8243;][vc_column_text]ESPACIO ESC\u00c9NICO<strong>\u00a0<\/strong><\/p>\n<p><strong>CAMARA NEGRA<\/strong><\/p>\n<p>1 Foro ,9,30m de Ancho X 5,34m de Fondo X 4,93<\/p>\n<p>de Alto.<\/p>\n<p>5 Patas de 1.80m de Ancho X 5,40m de Alto , Negro\u00a0.<\/p>\n<p>8 Bambalinas, 9m de Ancho X 1,53m de Alto, negro.<\/p>\n<p><strong>TELON DE FONDO<\/strong><\/p>\n<p>Tel\u00f3n de fondo de 2 hojas 4,50m de Ancho X<\/p>\n<p>5,40m de Alto , ( No tiene tel\u00f3n de boca\u00a0<strong>)<\/strong><\/p>\n<p><strong>MAQUINARIA ESCENICA<\/strong><\/p>\n<p>3 Varas motorizadas\/3 electrificadas, (12 conex.)cada uno<\/p>\n<p>8 Varas de tiro manual.<\/p>\n<p>1 Pasarela frontal a 5,30 m de boca \/escen. 24 conexi.<\/p>\n<p>Escenario de 9m ancho X5.60 fondoX 5m alto[\/vc_column_text][\/vc_column][\/vc_row][vc_row][vc_column width=\u00bb1\/3&#8243;][vc_column_text]SISTEMA DE ILUMINACION<strong>\u00a0<\/strong><\/p>\n<p><strong>PROYECTORES<\/strong><\/p>\n<p>6\u00a0 Proyector Nota PC1200 plus de LDR.<\/p>\n<p>4 Recorte Source Four Zoom ETC. 25\u00ba-50\u00ba\/750W<\/p>\n<p>21 Proyector PAR64\/ 1KW,<\/p>\n<p>6 Moviles MARK BEAM 195<\/p>\n<p>12 Par Led CAMEO STUDIO PAR<\/p>\n<p><strong>ALIMENTACION<\/strong><\/p>\n<p>1 Dimmer STRONG 24 canal \/ 3Kw canal.<\/p>\n<p><strong>CONTROL<\/strong><\/p>\n<p>1 Controladora de luces LT Light mod.Piccolo 24\/96 ca<\/p>\n<p>1 DMX Lighting control system de PR.<\/p>\n<p>1 Amplific. DMX mod.DISD4 de STARWAY.<\/p>\n<p><strong>AUXILIARES<\/strong><\/p>\n<p>1 M\u00e1quina humo Antari<\/p>\n<p>1 Portagobos S4 SIZE B METAL , HOLDER.<\/p>\n<p>&nbsp;<\/p>\n<p>Borja : 685709708 Tecnico Sonido<\/p>\n<p>Txus : 660205784 Tecnico Luces[\/vc_column_text][\/vc_column][vc_column width=\u00bb1\/3&#8243;][vc_column_text]SONIDO CABINA<\/p>\n<p><strong>CONTROL<\/strong><\/p>\n<p>1 Mezclador Berhinger<\/p>\n<p>1 Sintonizador tv[\/vc_column_text][vc_column_text]INFORMACION GENERAL<\/p>\n<p><strong>LOCALIZACION Y COMUNICACI\u00d3N<\/strong><\/p>\n<p>Para consultas e informaci\u00f3n sobre programacion,alquiler,instalaciones y otros usos de la sala, dirijase a:<\/p>\n<p>BERMEOKO KAFE ANTZOKIA<\/p>\n<p>Tel.946880216<\/p>\n<p>Direccion, Aurrekoetxea 27 behea<\/p>\n<p>Web:www.bermeokokafeantzokia.com<\/p>\n<p>e-mail: berkantzoki@gmail.com<\/p>\n<p><strong>AFORO DEL ANTZOKI<\/strong><\/p>\n<p>El Antzoki cuenta con un numero total de 700 localidades destinadas al p\u00fablico en general, repartidas en dos zonas planta baja y palco .la planta baja cuenta con 330m2 sin columnas intermedias y el palco con 135m2.La calidad de todas las localidades en cuanto a la audici\u00f3n y visibilidad es buena.<\/p>\n<p><strong>CAMERINOS<\/strong><\/p>\n<p><strong>( N\u00ba de camerinos , capacidad , aseos. Etc..<\/strong> El camerino ubicado al lado del escenario cuenta con dos accesos, escenario y pasillo exterior, Su capacidad es de 10 personas distribuidas en 1 espacios. Dispone de servicios b\u00e1sicos, ba\u00f1o y ducha.<\/p>\n<p>&nbsp;<\/p>\n<p><strong>CARGA \/ DESCARGA<\/strong><\/p>\n<p>El Antzoki no dispone de un muelle de carga\/ descarga directa al escenario. Las furgonetas podr\u00e1n acceder hasta la puerta principal de entrada al local.(debido a que se encuentra dentro del \u201ccasco viejo\u201d no se podr\u00e1n meter camiones que sobrepasen los 3.500kgs.)<\/p>\n<p><strong>SERVICIOS\u00a0EXTERNOS E INTERNOS<\/strong><\/p>\n<p>Debido a que El Antzoki est\u00e1 ubicado en el centro de la villa ( en un futuro zona peatonal y centro de la actividad comercial y Turistica ), cuenta con todo tipo de servicios : cafeterias, restaurantes, hotel, agroturismos, Pensiones, Parada de Taxi, Autobuses, Tren, etc&#8230; y permite realizar visitas a los distintos espacios Turisticos de la villa.<\/p>\n<p><strong>MEDIOS TECNICOS Y MATERIALES<\/strong><\/p>\n<p>El Antzoki dispone de un t\u00e9cnico de sonido y materiales ( Equipo de sonido , iluminaci\u00f3n y video para la realizaci\u00f3n de cualquier tipo de actividad que requiera sistemas de comunicaci\u00f3n audiovisual,<\/p>\n<p><strong>SERVICIO\u00a0DE CATERING<\/strong><\/p>\n<p>El Antzoki es entre semana un restaurante que puede llegar a dar comidas a mas de 200 comensales , a su vez los d\u00edas de concierto se puede dar comidas a los t\u00e9cnicos de montaje y disponemos de servicio de catering para los artistas<\/p>\n<p>Precio de Menu del Dia: 16\u20ac<\/p>\n<p>Precio Menu Fin de Semana: desde 35\u20ac en adelante.<\/p>\n<p>+++++<\/p>\n<p>Sonido 8.000 watios reales<\/p>\n<p>NOTA: NO SE PUEDE ATORNILLAR NI PERFORAR EL ESCENARIO[\/vc_column_text][\/vc_column][vc_column width=\u00bb1\/3&#8243;][vc_column_text]IMAGEN \/ VISUALES<\/p>\n<p><strong>PROYECTOR \/ PANTALLA<\/strong><\/p>\n<p>1 Proyector EPSON,<\/p>\n<p>1 Pantalla de 7,40 X 4.30 m. Al fondo de escenario[\/vc_column_text][\/vc_column][\/vc_row][vc_row][vc_column width=\u00bb1\/3&#8243;][vc_column_text][\/vc_column_text][\/vc_column][vc_column width=\u00bb1\/3&#8243;][\/vc_column][vc_column width=\u00bb1\/3&#8243;][\/vc_column][\/vc_row]<\/p>\n","protected":false},"excerpt":{"rendered":"<p>[vc_row][vc_column width=\u00bb1\/3&#8243;][vc_column_text]SISTEMA DE SONIDO EXTERIORES (P:A.) PANTALLAS (P.A.) 4 Sistema ASS Reflecta. Mod. MX900. 4 Sistema ASD , Mod.SB18 de subgraves. ALIMENTACION 1 Procesador DBX, Mod. 260. 1 Etapa potencia ALTAIR, serie MF1600. 1 Etapa potencia ALTAIR, serie MF1600. 1 Etapa potencia ALTAIR, serie MF24&#8230;.<\/p>\n","protected":false},"author":1,"featured_media":0,"parent":0,"menu_order":0,"comment_status":"closed","ping_status":"closed","template":"","meta":{"footnotes":""},"class_list":["post-28","page","type-page","status-publish","hentry"],"_links":{"self":[{"href":"http:\/\/bermeokokafeantzokia.com\/es\/wp-json\/wp\/v2\/pages\/28","targetHints":{"allow":["GET"]}}],"collection":[{"href":"http:\/\/bermeokokafeantzokia.com\/es\/wp-json\/wp\/v2\/pages"}],"about":[{"href":"http:\/\/bermeokokafeantzokia.com\/es\/wp-json\/wp\/v2\/types\/page"}],"author":[{"embeddable":true,"href":"http:\/\/bermeokokafeantzokia.com\/es\/wp-json\/wp\/v2\/users\/1"}],"replies":[{"embeddable":true,"href":"http:\/\/bermeokokafeantzokia.com\/es\/wp-json\/wp\/v2\/comments?post=28"}],"version-history":[{"count":22,"href":"http:\/\/bermeokokafeantzokia.com\/es\/wp-json\/wp\/v2\/pages\/28\/revisions"}],"predecessor-version":[{"id":2228,"href":"http:\/\/bermeokokafeantzokia.com\/es\/wp-json\/wp\/v2\/pages\/28\/revisions\/2228"}],"wp:attachment":[{"href":"http:\/\/bermeokokafeantzokia.com\/es\/wp-json\/wp\/v2\/media?parent=28"}],"curies":[{"name":"wp","href":"https:\/\/api.w.org\/{rel}","templated":true}]}}